{"id":17,"date":"2019-03-15T09:21:13","date_gmt":"2019-03-15T09:21:13","guid":{"rendered":"http:\/\/buchhandlung-saatgut.de\/?page_id=17"},"modified":"2026-04-08T14:35:44","modified_gmt":"2026-04-08T14:35:44","slug":"startseite","status":"publish","type":"page","link":"https:\/\/buchhandlung-saatgut.de\/","title":{"rendered":"Startseite"},"content":{"rendered":"\n<p class=\"has-text-align-center has-vivid-red-color has-text-color has-large-font-size\"><\/p>\n\n\n\n<p class=\"has-text-align-center has-luminous-vivid-orange-color has-cyan-bluish-gray-background-color has-text-color has-background has-large-font-size\"><strong>Willkommen auf der Seite der Buchhandlung Saatgut <\/strong><\/p>\n\n\n\n<p class=\"has-text-align-center has-luminous-vivid-orange-color has-cyan-bluish-gray-background-color has-text-color has-background has-large-font-size\"><strong>in Bad Schandau<\/strong><\/p>\n\n\n\n<figure class=\"wp-block-image size-large\"><img loading=\"lazy\" decoding=\"async\" width=\"768\" height=\"1024\" src=\"https:\/\/buchhandlung-saatgut.de\/wp-content\/uploads\/2026\/02\/garten-768x1024.jpeg\" alt=\"\" class=\"wp-image-2144\" srcset=\"https:\/\/buchhandlung-saatgut.de\/wp-content\/uploads\/2026\/02\/garten-768x1024.jpeg 768w, https:\/\/buchhandlung-saatgut.de\/wp-content\/uploads\/2026\/02\/garten-225x300.jpeg 225w, https:\/\/buchhandlung-saatgut.de\/wp-content\/uploads\/2026\/02\/garten-1152x1536.jpeg 1152w, https:\/\/buchhandlung-saatgut.de\/wp-content\/uploads\/2026\/02\/garten-1536x2048.jpeg 1536w, https:\/\/buchhandlung-saatgut.de\/wp-content\/uploads\/2026\/02\/garten-scaled.jpeg 1920w\" sizes=\"auto, (max-width: 706px) 89vw, (max-width: 767px) 82vw, 740px\" \/><\/figure>\n\n\n\n<p class=\"has-text-align-center\"><\/p>\n\n\n\n<figure class=\"wp-block-gallery has-nested-images columns-default is-cropped wp-block-gallery-1 is-layout-flex wp-block-gallery-is-layout-flex\"><\/figure>\n\n\n\n<figure class=\"wp-block-image size-large\"><img loading=\"lazy\" decoding=\"async\" width=\"819\" height=\"1024\" src=\"https:\/\/buchhandlung-saatgut.de\/wp-content\/uploads\/2026\/01\/Wednesday-819x1024.jpg\" alt=\"\" class=\"wp-image-2141\" srcset=\"https:\/\/buchhandlung-saatgut.de\/wp-content\/uploads\/2026\/01\/Wednesday-819x1024.jpg 819w, https:\/\/buchhandlung-saatgut.de\/wp-content\/uploads\/2026\/01\/Wednesday-240x300.jpg 240w, https:\/\/buchhandlung-saatgut.de\/wp-content\/uploads\/2026\/01\/Wednesday-768x960.jpg 768w, https:\/\/buchhandlung-saatgut.de\/wp-content\/uploads\/2026\/01\/Wednesday.jpg 1080w\" sizes=\"auto, (max-width: 706px) 89vw, (max-width: 767px) 82vw, 740px\" \/><\/figure>\n\n\n\n<p class=\"has-text-align-center\"><strong>Unser n\u00e4chstes Treffen ist am 29.04., 18.30 Uhr.<\/strong><\/p>\n\n\n\n<figure class=\"wp-block-image size-large\"><img loading=\"lazy\" decoding=\"async\" width=\"819\" height=\"1024\" src=\"https:\/\/buchhandlung-saatgut.de\/wp-content\/uploads\/2026\/01\/Keine-Geschenkidee-Wir-haben-das-was.-DAS-WUNSCHBUCH-PRINZIP-Die-Person-oder-Elterndes-Kindes-bei-einem-Kindergeburtstag-kommt-bei-uns-vorbei-und-sucht-sich-in-aller-Ruhe-die-Buecher-aus-die-1-819x1024.png\" alt=\"\" class=\"wp-image-2137\" srcset=\"https:\/\/buchhandlung-saatgut.de\/wp-content\/uploads\/2026\/01\/Keine-Geschenkidee-Wir-haben-das-was.-DAS-WUNSCHBUCH-PRINZIP-Die-Person-oder-Elterndes-Kindes-bei-einem-Kindergeburtstag-kommt-bei-uns-vorbei-und-sucht-sich-in-aller-Ruhe-die-Buecher-aus-die-1-819x1024.png 819w, https:\/\/buchhandlung-saatgut.de\/wp-content\/uploads\/2026\/01\/Keine-Geschenkidee-Wir-haben-das-was.-DAS-WUNSCHBUCH-PRINZIP-Die-Person-oder-Elterndes-Kindes-bei-einem-Kindergeburtstag-kommt-bei-uns-vorbei-und-sucht-sich-in-aller-Ruhe-die-Buecher-aus-die-1-240x300.png 240w, https:\/\/buchhandlung-saatgut.de\/wp-content\/uploads\/2026\/01\/Keine-Geschenkidee-Wir-haben-das-was.-DAS-WUNSCHBUCH-PRINZIP-Die-Person-oder-Elterndes-Kindes-bei-einem-Kindergeburtstag-kommt-bei-uns-vorbei-und-sucht-sich-in-aller-Ruhe-die-Buecher-aus-die-1-768x960.png 768w, https:\/\/buchhandlung-saatgut.de\/wp-content\/uploads\/2026\/01\/Keine-Geschenkidee-Wir-haben-das-was.-DAS-WUNSCHBUCH-PRINZIP-Die-Person-oder-Elterndes-Kindes-bei-einem-Kindergeburtstag-kommt-bei-uns-vorbei-und-sucht-sich-in-aller-Ruhe-die-Buecher-aus-die-1.png 1080w\" sizes=\"auto, (max-width: 706px) 89vw, (max-width: 767px) 82vw, 740px\" \/><\/figure>\n\n\n\n<p><\/p>\n\n\n\n<p><\/p>\n\n\n\n<p class=\"has-text-align-center\"><\/p>\n\n\n<div class=\"wp-block-image is-resized\">\n<figure class=\"aligncenter size-large\"><img loading=\"lazy\" decoding=\"async\" width=\"576\" height=\"1024\" src=\"http:\/\/buchhandlung-saatgut.de\/wp-content\/uploads\/2024\/01\/Sensation-Posting-24-Story-576x1024.png\" alt=\"\" class=\"wp-image-1791\" srcset=\"https:\/\/buchhandlung-saatgut.de\/wp-content\/uploads\/2024\/01\/Sensation-Posting-24-Story-576x1024.png 576w, https:\/\/buchhandlung-saatgut.de\/wp-content\/uploads\/2024\/01\/Sensation-Posting-24-Story-169x300.png 169w, https:\/\/buchhandlung-saatgut.de\/wp-content\/uploads\/2024\/01\/Sensation-Posting-24-Story-768x1365.png 768w, https:\/\/buchhandlung-saatgut.de\/wp-content\/uploads\/2024\/01\/Sensation-Posting-24-Story-864x1536.png 864w, https:\/\/buchhandlung-saatgut.de\/wp-content\/uploads\/2024\/01\/Sensation-Posting-24-Story.png 1080w\" sizes=\"auto, (max-width: 576px) 100vw, 576px\" \/><\/figure><\/div>\n\n\n<p class=\"has-text-align-center has-vivid-red-color has-text-color has-medium-font-size\"><strong>Unsere \u00d6ffnungszeiten:<\/strong><\/p>\n\n\n\n<p class=\"has-text-align-center has-vivid-red-color has-text-color has-medium-font-size\"><strong>Montag 14.00 Uhr bis 18.00 Uhr<\/strong><\/p>\n\n\n\n<p class=\"has-text-align-center has-vivid-red-color has-text-color has-medium-font-size\"><strong>Dienstag bis Freitag<\/strong> <strong>von 10.00 Uhr bis 18.00 Uhr<\/strong><\/p>\n\n\n\n<p class=\"has-text-align-center has-vivid-red-color has-text-color has-medium-font-size\"><strong>Samstag 10.00 Uhr bis 13.00 Uhr<\/strong><\/p>\n\n\n\n<p class=\"has-text-align-center has-vivid-red-color has-text-color has-medium-font-size\"><\/p>\n\n\n<div class=\"wp-block-image\">\n<figure class=\"aligncenter size-large is-resized\"><img loading=\"lazy\" decoding=\"async\" width=\"724\" height=\"1024\" src=\"http:\/\/buchhandlung-saatgut.de\/wp-content\/uploads\/2023\/06\/IMG_0627-002-1-724x1024.jpg\" alt=\"\" class=\"wp-image-1676\" style=\"width:780px;height:1103px\" srcset=\"https:\/\/buchhandlung-saatgut.de\/wp-content\/uploads\/2023\/06\/IMG_0627-002-1-724x1024.jpg 724w, https:\/\/buchhandlung-saatgut.de\/wp-content\/uploads\/2023\/06\/IMG_0627-002-1-212x300.jpg 212w, https:\/\/buchhandlung-saatgut.de\/wp-content\/uploads\/2023\/06\/IMG_0627-002-1-768x1087.jpg 768w, https:\/\/buchhandlung-saatgut.de\/wp-content\/uploads\/2023\/06\/IMG_0627-002-1-1085x1536.jpg 1085w, https:\/\/buchhandlung-saatgut.de\/wp-content\/uploads\/2023\/06\/IMG_0627-002-1-1447x2048.jpg 1447w, https:\/\/buchhandlung-saatgut.de\/wp-content\/uploads\/2023\/06\/IMG_0627-002-1-scaled.jpg 1809w\" sizes=\"auto, (max-width: 724px) 100vw, 724px\" \/><\/figure><\/div>\n\n\n<p class=\"has-text-align-center has-luminous-vivid-orange-color has-text-color has-medium-font-size\"><\/p>\n\n\n\n<figure class=\"wp-block-image size-large\"><img loading=\"lazy\" decoding=\"async\" width=\"1024\" height=\"420\" src=\"http:\/\/buchhandlung-saatgut.de\/wp-content\/uploads\/2023\/01\/IMG_0552-2-1024x420.jpg\" alt=\"\" class=\"wp-image-1585\" srcset=\"https:\/\/buchhandlung-saatgut.de\/wp-content\/uploads\/2023\/01\/IMG_0552-2-1024x420.jpg 1024w, https:\/\/buchhandlung-saatgut.de\/wp-content\/uploads\/2023\/01\/IMG_0552-2-300x123.jpg 300w, https:\/\/buchhandlung-saatgut.de\/wp-content\/uploads\/2023\/01\/IMG_0552-2-768x315.jpg 768w, https:\/\/buchhandlung-saatgut.de\/wp-content\/uploads\/2023\/01\/IMG_0552-2-1536x631.jpg 1536w, https:\/\/buchhandlung-saatgut.de\/wp-content\/uploads\/2023\/01\/IMG_0552-2-2048x841.jpg 2048w\" sizes=\"auto, (max-width: 706px) 89vw, (max-width: 767px) 82vw, 740px\" \/><\/figure>\n\n\n\n<p>Maileg ist eine Marke mit charmantem und d\u00e4nischem Designspielzeug, kreiert, um der Fantasie ihrer Kinder freien Lauf zu lassen. Die Produkte wecken die M\u00e4rchenlaune und helfen den Kindern die einfachen Wunder der Vorstellungskraft zu entdecken. Maileg ist beliebt f\u00fcr die herzerw\u00e4rmenden Pers\u00f6nlichkeiten der Charaktere, denn in jedem kleinen Detail kann man den Charm und die Freude am Spielen entdecken.<\/p>\n\n\n\n<figure class=\"wp-block-image size-large\"><img loading=\"lazy\" decoding=\"async\" width=\"1024\" height=\"1024\" src=\"http:\/\/buchhandlung-saatgut.de\/wp-content\/uploads\/2023\/01\/IMG_0544-1-1024x1024.jpg\" alt=\"\" class=\"wp-image-1588\" srcset=\"https:\/\/buchhandlung-saatgut.de\/wp-content\/uploads\/2023\/01\/IMG_0544-1-1024x1024.jpg 1024w, https:\/\/buchhandlung-saatgut.de\/wp-content\/uploads\/2023\/01\/IMG_0544-1-300x300.jpg 300w, https:\/\/buchhandlung-saatgut.de\/wp-content\/uploads\/2023\/01\/IMG_0544-1-150x150.jpg 150w, https:\/\/buchhandlung-saatgut.de\/wp-content\/uploads\/2023\/01\/IMG_0544-1-768x768.jpg 768w, https:\/\/buchhandlung-saatgut.de\/wp-content\/uploads\/2023\/01\/IMG_0544-1-1536x1536.jpg 1536w, https:\/\/buchhandlung-saatgut.de\/wp-content\/uploads\/2023\/01\/IMG_0544-1-2048x2048.jpg 2048w, https:\/\/buchhandlung-saatgut.de\/wp-content\/uploads\/2023\/01\/IMG_0544-1-100x100.jpg 100w\" sizes=\"auto, (max-width: 706px) 89vw, (max-width: 767px) 82vw, 740px\" \/><\/figure>\n\n\n\n<figure class=\"wp-block-gallery has-nested-images columns-default is-cropped wp-block-gallery-2 is-layout-flex wp-block-gallery-is-layout-flex\">\n<figure class=\"wp-block-image size-large\"><img loading=\"lazy\" decoding=\"async\" width=\"1024\" height=\"1024\" data-id=\"1590\" src=\"https:\/\/buchhandlung-saatgut.de\/wp-content\/uploads\/2023\/01\/IMG_0547-1024x1024.jpg\" alt=\"\" class=\"wp-image-1590\" srcset=\"https:\/\/buchhandlung-saatgut.de\/wp-content\/uploads\/2023\/01\/IMG_0547-1024x1024.jpg 1024w, https:\/\/buchhandlung-saatgut.de\/wp-content\/uploads\/2023\/01\/IMG_0547-300x300.jpg 300w, https:\/\/buchhandlung-saatgut.de\/wp-content\/uploads\/2023\/01\/IMG_0547-150x150.jpg 150w, https:\/\/buchhandlung-saatgut.de\/wp-content\/uploads\/2023\/01\/IMG_0547-768x768.jpg 768w, https:\/\/buchhandlung-saatgut.de\/wp-content\/uploads\/2023\/01\/IMG_0547-1536x1536.jpg 1536w, https:\/\/buchhandlung-saatgut.de\/wp-content\/uploads\/2023\/01\/IMG_0547-2048x2048.jpg 2048w, https:\/\/buchhandlung-saatgut.de\/wp-content\/uploads\/2023\/01\/IMG_0547-100x100.jpg 100w\" sizes=\"auto, (max-width: 706px) 89vw, (max-width: 767px) 82vw, 740px\" \/><\/figure>\n<\/figure>\n\n\n\n<figure class=\"wp-block-gallery has-nested-images columns-default is-cropped wp-block-gallery-3 is-layout-flex wp-block-gallery-is-layout-flex\">\n<figure class=\"wp-block-image size-large\"><img loading=\"lazy\" decoding=\"async\" width=\"1024\" height=\"1024\" data-id=\"1587\" src=\"https:\/\/buchhandlung-saatgut.de\/wp-content\/uploads\/2023\/01\/IMG_0545-1024x1024.jpg\" alt=\"\" class=\"wp-image-1587\" srcset=\"https:\/\/buchhandlung-saatgut.de\/wp-content\/uploads\/2023\/01\/IMG_0545-1024x1024.jpg 1024w, https:\/\/buchhandlung-saatgut.de\/wp-content\/uploads\/2023\/01\/IMG_0545-300x300.jpg 300w, https:\/\/buchhandlung-saatgut.de\/wp-content\/uploads\/2023\/01\/IMG_0545-150x150.jpg 150w, https:\/\/buchhandlung-saatgut.de\/wp-content\/uploads\/2023\/01\/IMG_0545-768x768.jpg 768w, https:\/\/buchhandlung-saatgut.de\/wp-content\/uploads\/2023\/01\/IMG_0545-1536x1536.jpg 1536w, https:\/\/buchhandlung-saatgut.de\/wp-content\/uploads\/2023\/01\/IMG_0545-2048x2048.jpg 2048w, https:\/\/buchhandlung-saatgut.de\/wp-content\/uploads\/2023\/01\/IMG_0545-100x100.jpg 100w\" sizes=\"auto, (max-width: 706px) 89vw, (max-width: 767px) 82vw, 740px\" \/><\/figure>\n\n\n\n<figure class=\"wp-block-image size-large\"><img loading=\"lazy\" decoding=\"async\" width=\"1024\" height=\"1024\" data-id=\"1589\" src=\"https:\/\/buchhandlung-saatgut.de\/wp-content\/uploads\/2023\/01\/IMG_0546-1024x1024.jpg\" alt=\"\" class=\"wp-image-1589\" srcset=\"https:\/\/buchhandlung-saatgut.de\/wp-content\/uploads\/2023\/01\/IMG_0546-1024x1024.jpg 1024w, https:\/\/buchhandlung-saatgut.de\/wp-content\/uploads\/2023\/01\/IMG_0546-300x300.jpg 300w, https:\/\/buchhandlung-saatgut.de\/wp-content\/uploads\/2023\/01\/IMG_0546-150x150.jpg 150w, https:\/\/buchhandlung-saatgut.de\/wp-content\/uploads\/2023\/01\/IMG_0546-768x768.jpg 768w, https:\/\/buchhandlung-saatgut.de\/wp-content\/uploads\/2023\/01\/IMG_0546-1536x1536.jpg 1536w, https:\/\/buchhandlung-saatgut.de\/wp-content\/uploads\/2023\/01\/IMG_0546-2048x2048.jpg 2048w, https:\/\/buchhandlung-saatgut.de\/wp-content\/uploads\/2023\/01\/IMG_0546-100x100.jpg 100w\" sizes=\"auto, (max-width: 706px) 89vw, (max-width: 767px) 82vw, 740px\" \/><\/figure>\n<\/figure>\n\n\n\n<p class=\"has-text-align-center has-luminous-vivid-orange-color has-cyan-bluish-gray-background-color has-text-color has-background has-medium-font-size\"><strong>F\u00fcr Ihre Bestellungen sind wir erreichbar:<\/strong><\/p>\n\n\n\n<p class=\"has-text-align-center has-vivid-red-color has-text-color has-medium-font-size\"><strong>Telefonisch: 035022 927299&nbsp; E-Mail: <a href=\"mailto:info@buchhandlung-saatgut.de\">info@buchhandlung-saatgut.de<\/a> oder Sie bestellen ganz bequem im Online Shop !<\/strong><\/p>\n\n\n\n<p><\/p>\n\n\n\n<h1 class=\"wp-block-heading has-text-align-center has-cyan-bluish-gray-background-color has-background\"><span style=\"color: rgb(255, 0, 0);\"> <\/span><a href=\"https:\/\/321680.umbreitshopsolution.de\"><strong>Jetzt hier B\u00fccher online bestellen!<\/strong><\/a><\/h1>\n\n\n\n<p class=\"has-text-align-center has-vivid-red-color has-text-color has-medium-font-size\"><strong>Ihre Vorteile einer Online -Bestellung:<\/strong><\/p>\n\n\n\n<p class=\"has-text-align-center has-text-color has-medium-font-size\" style=\"color:#0030a3\"><strong>*<\/strong>&nbsp; <strong>Zugriff auf mehr als 3&nbsp;Millionen B\u00fccher <\/strong><\/p>\n\n\n\n<p class=\"has-text-align-center has-text-color has-medium-font-size\" style=\"color:#0036a3\"><strong>*<\/strong> <strong>Mit wenigen Klicks schnell und einfach bestellen<\/strong> <strong>und Sie erhalten umgehend&nbsp;eine Bestellbest\u00e4tigung<\/strong><\/p>\n\n\n\n<p class=\"has-text-align-center has-text-color has-medium-font-size\" style=\"color:#0007a3\">&nbsp;&nbsp;&nbsp;<strong>&nbsp;&nbsp;&nbsp;&nbsp;&nbsp; * Wenn Sie Montag bis Freitag bis 17.00 Uhr bestellen, k\u00f6nnen Sie in den meisten F\u00e4llen Ihre Bestellung am n\u00e4chsten Tag abholen!<\/strong><\/p>\n\n\n\n<p class=\"has-text-align-center has-text-color has-medium-font-size\" style=\"color:#0036a3\"><strong>*<\/strong> <strong>Bezahlung (ec-Karte, Kreditkarte oder bar)&nbsp;bei Abholung im Laden<\/strong><\/p>\n\n\n\n<p class=\"has-text-align-center has-text-color has-medium-font-size\" style=\"color:#0033a3\">* <strong>Bei Bestellungen vom Samstag oder Sonntag &#8211; &nbsp;Abholung am \u00fcbern\u00e4chsten Werktag.<\/strong><\/p>\n\n\n\n<p class=\"has-text-align-center has-text-color has-medium-font-size\" style=\"color:#0024a3\"><strong>* Unter bestimmten Voraussetzungen liefere ich Ihre bestellten B\u00fccher in Bad Schandau und Umgebung kostenlos aus<\/strong>. <\/p>\n\n\n\n<p class=\"has-text-align-center has-text-color has-medium-font-size\" style=\"color:#0039a3\"><strong>*<\/strong> <strong>Auch der Versand mit DHL&nbsp;mit beiliegender Rechnung ist m\u00f6glich: Versandkosten als B\u00fcchersendung: bis 500 g: &nbsp;1,90 Euro, bis 1000g: &nbsp;2,20 Euro<\/strong><\/p>\n\n\n\n<p class=\"has-text-align-center has-text-color has-medium-font-size\" style=\"color:#0045a3\"><strong>* Sie unterst\u00fctzen den lokalen Buchhandel und schonen die Umwelt!<\/strong><\/p>\n\n\n\n<p class=\"has-text-align-center has-text-color has-medium-font-size\" style=\"color:#0033a3\"><strong>Viel Spa\u00df beim St\u00f6bern!<\/strong><\/p>\n\n\n\n<p class=\"has-text-align-center has-vivid-red-color has-text-color has-medium-font-size\">Selbstverst\u00e4ndlich beraten wir Sie auch weiterhin gern im Laden, am Telefon oder per E-Mail!<\/p>\n\n\n\n<p><\/p>\n\n\n\n<p class=\"has-text-align-center has-vivid-red-color has-white-background-color has-text-color has-background has-medium-font-size\">Ihr findet bei uns handverlesene Kinder &#8211; und Jugendb\u00fccher, zeitgen\u00f6ssische Literatur, ein breites Angebot an regionalen Wander &#8211; und Reisef\u00fchrern, Krimis und zum Verschenken sicher auch die passende Karte.<\/p>\n\n\n\n<p>Die Auswahl der B\u00fccher treffe ich bewusst und orientiere mich etwas abseits der Bestsellerlisten, weil es am Wegesrand auch vieles zu entdecken gibt&#8230;<\/p>\n\n\n\n<p>Was Ihr im Regal nicht findet, wird bestellt. In der Regel ist das gew\u00fcnschte Buch am n\u00e4chsten Tag da und wartet auf Eure Abholung.<\/p>\n\n\n\n<p class=\"has-text-align-center\"><strong><a href=\"https:\/\/321680.umbreitshopsolution.de\" data-id=\"https:\/\/321680.umbreitshopsolution.de\" data-type=\"URL\">Zum Online Shop<\/a><\/strong><\/p>\n\n\n\n<p><\/p>\n\n\n\n<p class=\"has-text-align-center\">Am besten ist es nat\u00fcrlich, Ihr kommt zum St\u00f6bern pers\u00f6nlich vorbei!<\/p>\n\n\n\n<p class=\"has-text-align-center\">Auf Euren Besuch freut sich <\/p>\n\n\n\n<p class=\"has-text-align-center\">Manuela Ke\u00dfler. <\/p>\n\n\n\n<p class=\"has-text-align-center has-vivid-red-color has-text-color has-medium-font-size\"><\/p>\n\n\n\n<figure class=\"wp-block-gallery has-nested-images columns-default is-cropped wp-block-gallery-4 is-layout-flex wp-block-gallery-is-layout-flex\">\n<figure class=\"wp-block-image size-large\"><img loading=\"lazy\" decoding=\"async\" width=\"1024\" height=\"683\" data-id=\"127\" src=\"https:\/\/buchhandlung-saatgut.de\/wp-content\/uploads\/2019\/04\/IMG_7936-1024x683.jpg\" alt=\"\" class=\"wp-image-127\" srcset=\"https:\/\/buchhandlung-saatgut.de\/wp-content\/uploads\/2019\/04\/IMG_7936-1024x683.jpg 1024w, https:\/\/buchhandlung-saatgut.de\/wp-content\/uploads\/2019\/04\/IMG_7936-300x200.jpg 300w, https:\/\/buchhandlung-saatgut.de\/wp-content\/uploads\/2019\/04\/IMG_7936-768x512.jpg 768w\" sizes=\"auto, (max-width: 706px) 89vw, (max-width: 767px) 82vw, 740px\" \/><\/figure>\n\n\n\n<figure class=\"wp-block-image size-large\"><img loading=\"lazy\" decoding=\"async\" width=\"1024\" height=\"683\" data-id=\"129\" src=\"https:\/\/buchhandlung-saatgut.de\/wp-content\/uploads\/2019\/04\/IMG_7992-2-1024x683.jpg\" alt=\"\" class=\"wp-image-129\" srcset=\"https:\/\/buchhandlung-saatgut.de\/wp-content\/uploads\/2019\/04\/IMG_7992-2-1024x683.jpg 1024w, https:\/\/buchhandlung-saatgut.de\/wp-content\/uploads\/2019\/04\/IMG_7992-2-300x200.jpg 300w, https:\/\/buchhandlung-saatgut.de\/wp-content\/uploads\/2019\/04\/IMG_7992-2-768x512.jpg 768w\" sizes=\"auto, (max-width: 706px) 89vw, (max-width: 767px) 82vw, 740px\" \/><\/figure>\n<\/figure>\n\n\n\n<figure class=\"wp-block-image size-large is-resized\"><img loading=\"lazy\" decoding=\"async\" width=\"1024\" height=\"273\" src=\"http:\/\/buchhandlung-saatgut.de\/wp-content\/uploads\/2019\/12\/JEB_Buchpreisbindung_1500x400px_Motiv11-1024x273.jpg\" alt=\"\" class=\"wp-image-609\" style=\"width:715px;height:190px\" srcset=\"https:\/\/buchhandlung-saatgut.de\/wp-content\/uploads\/2019\/12\/JEB_Buchpreisbindung_1500x400px_Motiv11-1024x273.jpg 1024w, https:\/\/buchhandlung-saatgut.de\/wp-content\/uploads\/2019\/12\/JEB_Buchpreisbindung_1500x400px_Motiv11-300x80.jpg 300w, https:\/\/buchhandlung-saatgut.de\/wp-content\/uploads\/2019\/12\/JEB_Buchpreisbindung_1500x400px_Motiv11-768x205.jpg 768w, https:\/\/buchhandlung-saatgut.de\/wp-content\/uploads\/2019\/12\/JEB_Buchpreisbindung_1500x400px_Motiv11.jpg 1500w\" sizes=\"auto, (max-width: 706px) 89vw, (max-width: 767px) 82vw, 740px\" \/><\/figure>\n\n\n\n<figure class=\"wp-block-image\"><img loading=\"lazy\" decoding=\"async\" width=\"1\" height=\"1\" src=\"http:\/\/buchhandlung-saatgut.de\/wp-content\/uploads\/2019\/05\/dot1.png\" alt=\"\" class=\"wp-image-288\"\/><\/figure>\n\n\n\n<figure class=\"wp-block-gallery has-nested-images columns-default is-cropped wp-block-gallery-5 is-layout-flex wp-block-gallery-is-layout-flex\"><\/figure>\n","protected":false},"excerpt":{"rendered":"<p>Willkommen auf der Seite der Buchhandlung Saatgut in Bad Schandau Unser n\u00e4chstes Treffen ist am 29.04., 18.30 Uhr. Unsere \u00d6ffnungszeiten: Montag 14.00 Uhr bis 18.00 Uhr Dienstag bis Freitag von 10.00 Uhr bis 18.00 Uhr Samstag 10.00 Uhr bis 13.00 Uhr Maileg ist eine Marke mit charmantem und d\u00e4nischem Designspielzeug, kreiert, um der Fantasie ihrer &hellip; <\/p>\n<p class=\"link-more\"><a href=\"https:\/\/buchhandlung-saatgut.de\/\" class=\"more-link\"><span class=\"screen-reader-text\">\u201eStartseite\u201c<\/span> weiterlesen<\/a><\/p>\n","protected":false},"author":1,"featured_media":0,"parent":0,"menu_order":0,"comment_status":"closed","ping_status":"closed","template":"","meta":{"footnotes":""},"class_list":["post-17","page","type-page","status-publish","hentry"],"_links":{"self":[{"href":"https:\/\/buchhandlung-saatgut.de\/index.php?rest_route=\/wp\/v2\/pages\/17","targetHints":{"allow":["GET"]}}],"collection":[{"href":"https:\/\/buchhandlung-saatgut.de\/index.php?rest_route=\/wp\/v2\/pages"}],"about":[{"href":"https:\/\/buchhandlung-saatgut.de\/index.php?rest_route=\/wp\/v2\/types\/page"}],"author":[{"embeddable":true,"href":"https:\/\/buchhandlung-saatgut.de\/index.php?rest_route=\/wp\/v2\/users\/1"}],"replies":[{"embeddable":true,"href":"https:\/\/buchhandlung-saatgut.de\/index.php?rest_route=%2Fwp%2Fv2%2Fcomments&post=17"}],"version-history":[{"count":397,"href":"https:\/\/buchhandlung-saatgut.de\/index.php?rest_route=\/wp\/v2\/pages\/17\/revisions"}],"predecessor-version":[{"id":2163,"href":"https:\/\/buchhandlung-saatgut.de\/index.php?rest_route=\/wp\/v2\/pages\/17\/revisions\/2163"}],"wp:attachment":[{"href":"https:\/\/buchhandlung-saatgut.de\/index.php?rest_route=%2Fwp%2Fv2%2Fmedia&parent=17"}],"curies":[{"name":"wp","href":"https:\/\/api.w.org\/{rel}","templated":true}]}}